{"id":143,"date":"2013-06-29T21:57:28","date_gmt":"2013-06-29T19:57:28","guid":{"rendered":"http:\/\/www.islaender-vom-ameisberg.at\/?page_id=143"},"modified":"2021-04-07T20:12:08","modified_gmt":"2021-04-07T18:12:08","slug":"impressum","status":"publish","type":"page","link":"https:\/\/www.islaender-vom-ameisberg.at\/?page_id=143","title":{"rendered":"Impressum"},"content":{"rendered":"<p>Diese Website kann Hinweise auf andere Eigentumsrechte und Informationen zu Urheberrechten enthalten, die beachtet und befolgt werden m\u00fcssen. Dies gilt insbesondere f\u00fcr Logos, Bilder, Tondateien und Videos. Das Herunterladen, Drucken und Speichern von Dateien dieser Website f\u00fcr den ausschlie\u00dflich privaten Gebrauch ist gestattet, dar\u00fcber hinaus gehende Nutzung bedarf der ausdr\u00fccklichen Zustimmung durch Sabine Fuchs (Robustpferdehof Ameisberg).\u00a0Sabine Fuchs (Robustpferdehof Ameisberg) \u00fcbernimmt keine Haftung f\u00fcr Datenverlust oder andere technische Beeintr\u00e4chtigungen, die beim Betrachten oder Herunterladen von Daten dieser Website entstehen k\u00f6nnen. Bei Links zu anderen Webseiten \u00fcbernimmt Sabine Fuchs (Robustpferdehof Ameisberg) keine Haftung f\u00fcr deren Inhalt.<\/p>\n<p>&nbsp;<\/p>\n<p>F\u00fcr den Inhalt verantwortlich:<\/p>\n<p>Familie Fuchs<br \/>\nHohenschlag 3<br \/>\nA-4152 Sarleinsbach<\/p>\n<p>Telefon: +43 676 91 81 655<br \/>\nWeb: <a href=\"http:\/\/islaender-vom-ameisberg.at\">www.islaender-vom-ameisberg.at<\/a><\/p>\n<p>&nbsp;<\/p>\n","protected":false},"excerpt":{"rendered":"<p> [&hellip;]<\/p>\n","protected":false},"author":3,"featured_media":0,"parent":0,"menu_order":0,"comment_status":"closed","ping_status":"open","template":"page-fullwidth.php","meta":{"footnotes":""},"class_list":["post-143","page","type-page","status-publish","hentry"],"_links":{"self":[{"href":"https:\/\/www.islaender-vom-ameisberg.at\/index.php?rest_route=\/wp\/v2\/pages\/143","targetHints":{"allow":["GET"]}}],"collection":[{"href":"https:\/\/www.islaender-vom-ameisberg.at\/index.php?rest_route=\/wp\/v2\/pages"}],"about":[{"href":"https:\/\/www.islaender-vom-ameisberg.at\/index.php?rest_route=\/wp\/v2\/types\/page"}],"author":[{"embeddable":true,"href":"https:\/\/www.islaender-vom-ameisberg.at\/index.php?rest_route=\/wp\/v2\/users\/3"}],"replies":[{"embeddable":true,"href":"https:\/\/www.islaender-vom-ameisberg.at\/index.php?rest_route=%2Fwp%2Fv2%2Fcomments&post=143"}],"version-history":[{"count":6,"href":"https:\/\/www.islaender-vom-ameisberg.at\/index.php?rest_route=\/wp\/v2\/pages\/143\/revisions"}],"predecessor-version":[{"id":1033,"href":"https:\/\/www.islaender-vom-ameisberg.at\/index.php?rest_route=\/wp\/v2\/pages\/143\/revisions\/1033"}],"wp:attachment":[{"href":"https:\/\/www.islaender-vom-ameisberg.at\/index.php?rest_route=%2Fwp%2Fv2%2Fmedia&parent=143"}],"curies":[{"name":"wp","href":"https:\/\/api.w.org\/{rel}","templated":true}]}}