{"id":92,"date":"2013-06-29T20:46:48","date_gmt":"2013-06-29T18:46:48","guid":{"rendered":"http:\/\/www.islaender-vom-ameisberg.at\/?page_id=92"},"modified":"2021-04-07T20:12:03","modified_gmt":"2021-04-07T18:12:03","slug":"uber-uns","status":"publish","type":"page","link":"https:\/\/www.islaender-vom-ameisberg.at\/?page_id=92","title":{"rendered":"\u00dcber uns"},"content":{"rendered":"<p><a href=\"http:\/\/www.islaender-vom-ameisberg.at\/wp-content\/uploads\/2013\/07\/319.jpg\"><img loading=\"lazy\" decoding=\"async\" class=\"size-medium wp-image-286 alignright\" src=\"http:\/\/www.islaender-vom-ameisberg.at\/wp-content\/uploads\/2013\/07\/319-300x199.jpg\" alt=\"319\" width=\"180\" height=\"119\" srcset=\"https:\/\/www.islaender-vom-ameisberg.at\/wp-content\/uploads\/2013\/07\/319-300x199.jpg 300w, https:\/\/www.islaender-vom-ameisberg.at\/wp-content\/uploads\/2013\/07\/319-320x210.jpg 320w, https:\/\/www.islaender-vom-ameisberg.at\/wp-content\/uploads\/2013\/07\/319.jpg 640w\" sizes=\"auto, (max-width: 180px) 100vw, 180px\" \/><\/a><br \/>\nDer Robustpferdehof Ameisberg liegt im Oberen M\u00fchlviertel, Bezirk Rohrbach, auf 800 Metern nahe der bayrischen Grenze. Wir f\u00fchren einen landwirtschaftlichen Bio-Betrieb mit Mutterk\u00fchen, Schafen und der Islandpferdezucht.<\/p>\n<p>Auf unserem Hof wurden schon immer Pferde gez\u00fcchtet, anfangs Noriker, sp\u00e4ter Haflinger sowie Araberhaflinger und seit Ende der 80ziger die Islandpferde. Sabine kann aufgrund der vielen Jahre sehr viele Ausbildungen vorweisen, unter anderem DJRA in Bronze und Silber, <a href=\"http:\/\/www.islaender-vom-ameisberg.at\/wp-content\/uploads\/2013\/06\/homepage-sabine4.jpg\"><img loading=\"lazy\" decoding=\"async\" class=\"size-full wp-image-714 alignright\" src=\"http:\/\/www.islaender-vom-ameisberg.at\/wp-content\/uploads\/2013\/06\/homepage-sabine4.jpg\" alt=\"OLYMPUS DIGITAL CAMERA\" width=\"180\" height=\"314\" srcset=\"https:\/\/www.islaender-vom-ameisberg.at\/wp-content\/uploads\/2013\/06\/homepage-sabine4.jpg 441w, https:\/\/www.islaender-vom-ameisberg.at\/wp-content\/uploads\/2013\/06\/homepage-sabine4-172x300.jpg 172w\" sizes=\"auto, (max-width: 180px) 100vw, 180px\" \/><\/a>DRA in Bronze. In \u00d6sterreich hat sie die Lizenz R1 und das Fahrabzeichen sowie den staatl. gepr\u00fcften Wanderreitf\u00fchrer erfolgreich erworben. Zudem hat sie in M\u00fcnchen \/ Weihenstephan Agrarwissenschaften von 1975-1980 studiert.<\/p>\n<p>F\u00fcr die Jungpferdeausbildung stehen uns eine Reithalle mit 20 Metern Durchmesser und ein weitl\u00e4ufiges Gel\u00e4nde zur Verf\u00fcgung. In der Halle findet das Grundtraining statt, bevor es raus ins Gel\u00e4nde geht. Unsere Pferde zeichnen sich durch eine hohe Nervenst\u00e4rke gegen\u00fcber anderen Tieren, Landmaschinen und Verkehr aus. Unser Hofhund Spike l\u00e4uft \u00f6fters zwischen den Beinen der Pferde herum, mit den Rindern leben sie Zaun an Zaun. Schon als Fohlen lernen unsere Pferde trittsicher zu sein, da die Weiden teilweise sehr steil sind.<\/p>\n<p>\u00dcber einen Besuch freuen wir uns sehr, bitten Sie aber, uns rechtzeitig vorher (wenn m\u00f6glich, ein paar Tage zuvor) zu kontaktieren, damit wir uns genug Zeit f\u00fcr Sie nehmen k\u00f6nnen.<\/p>\n<p>&nbsp;<\/p>\n<p>&nbsp;<\/p>\n<p><strong>Familie Fuchs<\/strong><\/p>\n<p><strong> Hohenschlag 3<\/strong><br \/>\n<strong> A-4152 Sarleinsbach<\/strong><\/p>\n<p><strong>Telefon: +43 676 918 1655<\/strong><br \/>\n<strong> Web: <a href=\"http:\/\/islaender-vom-ameisberg.at\">www.islaender-vom-ameisberg.at<\/a><\/strong><\/p>\n<p>&nbsp;<\/p>\n<p>Diese Website kann Hinweise auf andere Eigentumsrechte und Informationen zu Urheberrechten enthalten, die beachtet und befolgt werden m\u00fcssen. Dies gilt insbesondere f\u00fcr Logos, Bilder, Tondateien und Videos. Das Herunterladen, Drucken und Speichern von Dateien dieser Website f\u00fcr den ausschlie\u00dflich privaten Gebrauch ist gestattet, dar\u00fcber hinaus gehende Nutzung bedarf der ausdr\u00fccklichen Zustimmung durch Sabine Fuchs (Robustpferdehof Ameisberg).\u00a0Sabine Fuchs (Robustpferdehof Ameisberg) \u00fcbernimmt keine Haftung f\u00fcr Datenverlust oder andere technische Beeintr\u00e4chtigungen, die beim Betrachten oder Herunterladen von Daten dieser Website entstehen k\u00f6nnen. Bei Links zu anderen Webseiten \u00fcbernimmt Sabine Fuchs (Robustpferdehof Ameisberg) keine Haftung f\u00fcr deren Inhalt.<\/p>\n<p>&nbsp;<\/p>\n<p>F\u00fcr den Inhalt verantwortlich:<\/p>\n<p>Familie Fuchs<br \/>\nHohenschlag 3<br \/>\nA-4152 Sarleinsbach<\/p>\n<p>Telefon: +43 676 918 1655<br \/>\nWeb: <a href=\"http:\/\/islaender-vom-ameisberg.at\">www.islaender-vom-ameisberg.at<\/a><\/p>\n<p>&nbsp;<\/p>\n","protected":false},"excerpt":{"rendered":"<p> [&hellip;]<\/p>\n","protected":false},"author":3,"featured_media":0,"parent":0,"menu_order":0,"comment_status":"closed","ping_status":"open","template":"page-fullwidth.php","meta":{"footnotes":""},"class_list":["post-92","page","type-page","status-publish","hentry"],"_links":{"self":[{"href":"https:\/\/www.islaender-vom-ameisberg.at\/index.php?rest_route=\/wp\/v2\/pages\/92","targetHints":{"allow":["GET"]}}],"collection":[{"href":"https:\/\/www.islaender-vom-ameisberg.at\/index.php?rest_route=\/wp\/v2\/pages"}],"about":[{"href":"https:\/\/www.islaender-vom-ameisberg.at\/index.php?rest_route=\/wp\/v2\/types\/page"}],"author":[{"embeddable":true,"href":"https:\/\/www.islaender-vom-ameisberg.at\/index.php?rest_route=\/wp\/v2\/users\/3"}],"replies":[{"embeddable":true,"href":"https:\/\/www.islaender-vom-ameisberg.at\/index.php?rest_route=%2Fwp%2Fv2%2Fcomments&post=92"}],"version-history":[{"count":42,"href":"https:\/\/www.islaender-vom-ameisberg.at\/index.php?rest_route=\/wp\/v2\/pages\/92\/revisions"}],"predecessor-version":[{"id":942,"href":"https:\/\/www.islaender-vom-ameisberg.at\/index.php?rest_route=\/wp\/v2\/pages\/92\/revisions\/942"}],"wp:attachment":[{"href":"https:\/\/www.islaender-vom-ameisberg.at\/index.php?rest_route=%2Fwp%2Fv2%2Fmedia&parent=92"}],"curies":[{"name":"wp","href":"https:\/\/api.w.org\/{rel}","templated":true}]}}